{"id":129,"date":"2026-01-20T06:03:17","date_gmt":"2026-01-20T06:03:17","guid":{"rendered":"https:\/\/www.dr-scheunemann.de\/apotheke\/?post_type=product&#038;p=129"},"modified":"2026-01-20T06:41:47","modified_gmt":"2026-01-20T06:41:47","slug":"figoxal","status":"publish","type":"product","link":"https:\/\/www.dr-scheunemann.de\/apotheke\/product\/figoxal\/","title":{"rendered":"Figoxal"},"content":{"rendered":"<h2 data-start=\"343\" data-end=\"366\"><strong>Figoxal Erfahrungen<\/strong><\/h2>\n<p data-start=\"1795\" data-end=\"1991\">Figoxal sind Kapseln zur Unterst\u00fctzung beim Abnehmen. Sie enthalten nat\u00fcrliche Wirkstoffe, die den Stoffwechsel aktivieren k\u00f6nnen. Gleichzeitig helfen sie dabei, das Hungergef\u00fchl zu kontrollieren.<\/p>\n<p data-start=\"1993\" data-end=\"2219\">Das Produkt wird vor allem genutzt, um eine Di\u00e4t zu erleichtern. Figoxal kann dabei helfen, weniger zu essen und mehr Energie zu verbrennen. Es ist f\u00fcr Menschen gedacht, die ihr Gewicht auf nat\u00fcrliche Weise reduzieren m\u00f6chten.<\/p>\n<p data-start=\"1993\" data-end=\"2219\"><a href=\"https:\/\/www.dr-scheunemann.de\/apotheke\/go\/Figoxal\"><em><strong>\ud83d\udc49 RABATTE &#8211; 75 % + kostenloser Versand f\u00fcr\u00a0Figoxal \u2013 Begrenzte Zeit \u2013 JETZT KAUFEN! \ud83d\udc48<\/strong><\/em><\/a><\/p>\n<h3 data-start=\"2221\" data-end=\"2238\">Wirkungsweise<\/h3>\n<p data-start=\"2239\" data-end=\"2459\">Die Inhaltsstoffe von Figoxal wirken zusammen. Sie regen den Stoffwechsel an und unterst\u00fctzen die Fettverbrennung. Gleichzeitig kann das Verlangen nach Essen reduziert werden. So wird es einfacher, eine Di\u00e4t einzuhalten.<\/p>\n<p data-start=\"2461\" data-end=\"2613\">Zus\u00e4tzlich versorgt Figoxal den K\u00f6rper mit wichtigen Vitaminen und Mineralstoffen. Diese helfen dem K\u00f6rper, sich an eine ges\u00fcndere Ern\u00e4hrung anzupassen.<\/p>\n<h3 data-start=\"2615\" data-end=\"2640\">Enthaltene Wirkstoffe<\/h3>\n<ul data-start=\"2641\" data-end=\"2972\">\n<li data-start=\"2641\" data-end=\"2698\">\n<p data-start=\"2643\" data-end=\"2698\">Gr\u00fcntee-Extrakt zur Unterst\u00fctzung der Fettverbrennung<\/p>\n<\/li>\n<li data-start=\"2699\" data-end=\"2734\">\n<p data-start=\"2701\" data-end=\"2734\">Vitamin C zum Schutz der Zellen<\/p>\n<\/li>\n<li data-start=\"2735\" data-end=\"2786\">\n<p data-start=\"2737\" data-end=\"2786\">Forskolin zur Aktivierung des Fettstoffwechsels<\/p>\n<\/li>\n<li data-start=\"2787\" data-end=\"2825\">\n<p data-start=\"2789\" data-end=\"2825\">L-Arginin f\u00fcr bessere Durchblutung<\/p>\n<\/li>\n<li data-start=\"2826\" data-end=\"2868\">\n<p data-start=\"2828\" data-end=\"2868\">Garcinia Cambogia zur Appetitkontrolle<\/p>\n<\/li>\n<li data-start=\"2869\" data-end=\"2919\">\n<p data-start=\"2871\" data-end=\"2919\">Bittermelone zur Unterst\u00fctzung des Blutzuckers<\/p>\n<\/li>\n<li data-start=\"2920\" data-end=\"2972\">\n<p data-start=\"2922\" data-end=\"2972\">Zink und Vitamin B6 f\u00fcr Energie und Stoffwechsel<\/p>\n<\/li>\n<\/ul>\n<h3 data-start=\"2503\" data-end=\"2538\">Figoxal \u2013 Was kann es bewirken?<\/h3>\n<p data-start=\"2539\" data-end=\"2749\">Figoxal Kapseln wurden entwickelt, um den K\u00f6rper beim Abnehmen zu unterst\u00fctzen. Sie k\u00f6nnen den Stoffwechsel aktivieren und helfen, Fett effektiver zu nutzen. Gleichzeitig kann das Hungergef\u00fchl reduziert werden.<\/p>\n<p data-start=\"2751\" data-end=\"2917\">Die nat\u00fcrlichen Inhaltsstoffe tragen dazu bei, mehr Energie zu haben und sich insgesamt besser zu f\u00fchlen. Figoxal l\u00e4sst sich gut in Di\u00e4ten und den Alltag integrieren.<\/p>\n<p data-start=\"2751\" data-end=\"2917\"><a href=\"https:\/\/www.dr-scheunemann.de\/apotheke\/go\/Figoxal\"><em><strong>\ud83d\udc49 RABATTE &#8211; 75 % + kostenloser Versand f\u00fcr\u00a0Figoxal \u2013 Begrenzte Zeit \u2013 JETZT KAUFEN! \ud83d\udc48<\/strong><\/em><\/a><\/p>\n<p data-start=\"2919\" data-end=\"2944\"><strong data-start=\"2919\" data-end=\"2944\">Vorteile von Figoxal:<\/strong><\/p>\n<ul data-start=\"2945\" data-end=\"3176\">\n<li data-start=\"2945\" data-end=\"2978\">\n<p data-start=\"2947\" data-end=\"2978\">Aktivierung des Stoffwechsels<\/p>\n<\/li>\n<li data-start=\"2979\" data-end=\"3016\">\n<p data-start=\"2981\" data-end=\"3016\">Unterst\u00fctzung der Fettverbrennung<\/p>\n<\/li>\n<li data-start=\"3017\" data-end=\"3040\">\n<p data-start=\"3019\" data-end=\"3040\">Reduzierter Appetit<\/p>\n<\/li>\n<li data-start=\"3041\" data-end=\"3066\">\n<p data-start=\"3043\" data-end=\"3066\">Mehr Energie tags\u00fcber<\/p>\n<\/li>\n<li data-start=\"3067\" data-end=\"3100\">\n<p data-start=\"3069\" data-end=\"3100\">Unterst\u00fctzung des Blutzuckers<\/p>\n<\/li>\n<li data-start=\"3101\" data-end=\"3130\">\n<p data-start=\"3103\" data-end=\"3130\">Antioxidativer Zellschutz<\/p>\n<\/li>\n<li data-start=\"3131\" data-end=\"3155\">\n<p data-start=\"3133\" data-end=\"3155\">Gute Vertr\u00e4glichkeit<\/p>\n<\/li>\n<li data-start=\"3156\" data-end=\"3176\">\n<p data-start=\"3158\" data-end=\"3176\">Leichte Einnahme<\/p>\n<\/li>\n<\/ul>\n<hr data-start=\"3178\" data-end=\"3181\" \/>\n<h3 data-start=\"3183\" data-end=\"3208\">Hinweise zur Einnahme<\/h3>\n<p data-start=\"3209\" data-end=\"3300\">Lesen Sie die Gebrauchsinformation sorgf\u00e4ltig. Halten Sie sich an die empfohlene Dosierung.<\/p>\n<p data-start=\"3302\" data-end=\"3314\"><strong data-start=\"3302\" data-end=\"3314\">Details:<\/strong><\/p>\n<ul data-start=\"3315\" data-end=\"3464\">\n<li data-start=\"3315\" data-end=\"3343\">\n<p data-start=\"3317\" data-end=\"3343\"><strong data-start=\"3317\" data-end=\"3333\">Darreichung:<\/strong> Kapseln<\/p>\n<\/li>\n<li data-start=\"3344\" data-end=\"3370\">\n<p data-start=\"3346\" data-end=\"3370\"><strong data-start=\"3346\" data-end=\"3357\">Inhalt:<\/strong> 60 Kapseln<\/p>\n<\/li>\n<li data-start=\"3371\" data-end=\"3401\">\n<p data-start=\"3373\" data-end=\"3401\"><strong data-start=\"3373\" data-end=\"3399\">Ohne Rezept erh\u00e4ltlich<\/strong><\/p>\n<\/li>\n<li data-start=\"3402\" data-end=\"3426\">\n<p data-start=\"3404\" data-end=\"3426\"><strong data-start=\"3404\" data-end=\"3414\">Preis:<\/strong> 29,99 EUR<\/p>\n<\/li>\n<li data-start=\"3427\" data-end=\"3464\">\n<p data-start=\"3429\" data-end=\"3464\"><strong data-start=\"3429\" data-end=\"3441\">Versand:<\/strong> DHL, Hermes, UPS u. a.<\/p>\n<\/li>\n<\/ul>\n<hr data-start=\"3466\" data-end=\"3469\" \/>\n<h3 data-start=\"3471\" data-end=\"3485\">Sicherheit<\/h3>\n<p data-start=\"3486\" data-end=\"3649\">Figoxal ist f\u00fcr Erwachsene gedacht. Personen mit bekannten Allergien sollten vorsichtig sein. Bei Schwangerschaft oder Stillzeit wird die Einnahme nicht empfohlen.<\/p>\n<h3 data-start=\"3651\" data-end=\"3678\">M\u00f6gliche Nebenwirkungen<\/h3>\n<p data-start=\"3679\" data-end=\"3781\">In seltenen F\u00e4llen k\u00f6nnen Unvertr\u00e4glichkeiten auftreten. Bei Beschwerden bitte einen Arzt informieren.<\/p>\n<p data-start=\"3679\" data-end=\"3781\"><a href=\"https:\/\/www.dr-scheunemann.de\/apotheke\/go\/Figoxal\"><em><strong>\ud83d\udc49 RABATTE &#8211; 75 % + kostenloser Versand f\u00fcr\u00a0Figoxal \u2013 Begrenzte Zeit \u2013 JETZT KAUFEN! \ud83d\udc48<\/strong><\/em><\/a><\/p>\n<h3 data-start=\"3783\" data-end=\"3796\">Dosierung<\/h3>\n<p data-start=\"3797\" data-end=\"3908\">Jeweils eine Kapsel vor den Mahlzeiten mit Wasser einnehmen. F\u00fcr beste Ergebnisse mindestens 4 Wochen anwenden.<\/p>\n<h3 data-start=\"3910\" data-end=\"3922\">Lagerung<\/h3>\n<p data-start=\"3923\" data-end=\"3979\">Unter 25 \u00b0C lagern. Vor Feuchtigkeit und Sonne sch\u00fctzen.<\/p>\n<hr data-start=\"3981\" data-end=\"3984\" \/>\n<h3 data-start=\"2111\" data-end=\"2148\">Figoxal kaufen \u2013 Apotheke &amp; Preis<\/h3>\n<p data-start=\"2149\" data-end=\"2309\">Figoxal ist online \u00fcber unsere Apotheke erh\u00e4ltlich. Die Bestellung erfolgt direkt \u00fcber die Website. Nach dem Ausf\u00fcllen des Formulars wird das Produkt versendet.<\/p>\n<h3 data-start=\"2311\" data-end=\"2321\">Kosten<\/h3>\n<p data-start=\"2322\" data-end=\"2447\">Der Standardpreis betr\u00e4gt <strong data-start=\"2348\" data-end=\"2361\">29,99 EUR<\/strong>. Momentan gibt es eine <strong data-start=\"2385\" data-end=\"2420\">zeitlich begrenzte Rabattaktion<\/strong> mit bis zu 50 % Ersparnis.<\/p>\n<h3 data-start=\"2449\" data-end=\"2460\">Versand<\/h3>\n<p data-start=\"2461\" data-end=\"2525\">Die Zustellung erfolgt schnell innerhalb von 1\u20133 Werktagen \u00fcber:<\/p>\n<ul data-start=\"2526\" data-end=\"2587\">\n<li data-start=\"2526\" data-end=\"2533\">\n<p data-start=\"2528\" data-end=\"2533\">DHL<\/p>\n<\/li>\n<li data-start=\"2534\" data-end=\"2544\">\n<p data-start=\"2536\" data-end=\"2544\">Hermes<\/p>\n<\/li>\n<li data-start=\"2545\" data-end=\"2562\">\n<p data-start=\"2547\" data-end=\"2562\">Deutsche Post<\/p>\n<\/li>\n<li data-start=\"2563\" data-end=\"2570\">\n<p data-start=\"2565\" data-end=\"2570\">UPS<\/p>\n<\/li>\n<li data-start=\"2571\" data-end=\"2587\">\n<p data-start=\"2573\" data-end=\"2587\">Trans-o-flex<\/p>\n<\/li>\n<\/ul>\n<h3 data-start=\"2589\" data-end=\"2602\">Bezahlung<\/h3>\n<p data-start=\"2603\" data-end=\"2634\">Sie k\u00f6nnen bequem bezahlen mit:<\/p>\n<ul data-start=\"2635\" data-end=\"2729\">\n<li data-start=\"2635\" data-end=\"2650\">\n<p data-start=\"2637\" data-end=\"2650\">Kreditkarte<\/p>\n<\/li>\n<li data-start=\"2651\" data-end=\"2661\">\n<p data-start=\"2653\" data-end=\"2661\">PayPal<\/p>\n<\/li>\n<li data-start=\"2662\" data-end=\"2672\">\n<p data-start=\"2664\" data-end=\"2672\">Klarna<\/p>\n<\/li>\n<li data-start=\"2673\" data-end=\"2686\">\n<p data-start=\"2675\" data-end=\"2686\">Nachnahme<\/p>\n<\/li>\n<li data-start=\"2687\" data-end=\"2699\">\n<p data-start=\"2689\" data-end=\"2699\">Vorkasse<\/p>\n<\/li>\n<\/ul>\n<p><a href=\"https:\/\/www.dr-scheunemann.de\/apotheke\/go\/Figoxal\"><em><strong>\ud83d\udc49 RABATTE &#8211; 75 % + kostenloser Versand f\u00fcr\u00a0Figoxal \u2013 Begrenzte Zeit \u2013 JETZT KAUFEN! \ud83d\udc48<\/strong><\/em><\/a><\/p>\n<h3 data-start=\"2731\" data-end=\"2752\">Andere Apotheken?<\/h3>\n<p data-start=\"2753\" data-end=\"2895\">Figoxal ist aktuell <strong data-start=\"2773\" data-end=\"2825\">nicht bei gro\u00dfen Online-Apotheken oder Drogerien<\/strong> erh\u00e4ltlich. Der Vertrieb erfolgt exklusiv \u00fcber ausgew\u00e4hlte Apotheken.<\/p>\n<h3 data-start=\"2897\" data-end=\"2912\">Bewertungen<\/h3>\n<p data-start=\"2913\" data-end=\"3053\">Viele Kunden berichten in Foren von guten Ergebnissen. Besonders gesch\u00e4tzt werden die nat\u00fcrliche Zusammensetzung und die einfache Anwendung.<\/p>\n<h2 data-start=\"3821\" data-end=\"3859\"><strong data-start=\"3824\" data-end=\"3859\">Figoxal<\/strong>\u00a0<strong data-start=\"3824\" data-end=\"3859\">Bewertungen <\/strong>FAQ<\/h2>\n<p data-start=\"3063\" data-end=\"3114\"><strong data-start=\"3063\" data-end=\"3079\">Vegetarisch?<\/strong><br data-start=\"3079\" data-end=\"3082\" \/>Ja, die Kapseln sind pflanzlich.<\/p>\n<p data-start=\"3116\" data-end=\"3169\"><strong data-start=\"3116\" data-end=\"3140\">Allergene enthalten?<\/strong><br data-start=\"3140\" data-end=\"3143\" \/>Keine bekannten Allergene.<\/p>\n<p data-start=\"3171\" data-end=\"3256\"><strong data-start=\"3171\" data-end=\"3201\">Wie schnell wirkt Figoxal?<\/strong><br data-start=\"3201\" data-end=\"3204\" \/>Ergebnisse k\u00f6nnen nach wenigen Wochen sichtbar sein.<\/p>\n<p data-start=\"3258\" data-end=\"3335\"><strong data-start=\"3258\" data-end=\"3291\">F\u00fcr kranke Menschen geeignet?<\/strong><br data-start=\"3291\" data-end=\"3294\" \/>Vorher R\u00fccksprache mit einem Arzt halten.<\/p>\n<p data-start=\"3337\" data-end=\"3393\"><strong data-start=\"3337\" data-end=\"3350\">Einnahme?<\/strong><br data-start=\"3350\" data-end=\"3353\" \/>Einmal t\u00e4glich vor dem Essen mit Wasser.<\/p>\n<p data-start=\"3337\" data-end=\"3393\"><a href=\"https:\/\/www.dr-scheunemann.de\/apotheke\/go\/Figoxal\"><em><strong>\ud83d\udc49 RABATTE &#8211; 75 % + kostenloser Versand f\u00fcr\u00a0Figoxal \u2013 Begrenzte Zeit \u2013 JETZT KAUFEN! \ud83d\udc48<\/strong><\/em><\/a><\/p>\n","protected":false},"excerpt":{"rendered":"<p>Figoxal Erfahrungen Figoxal sind Kapseln zur Unterst\u00fctzung beim Abnehmen. Sie enthalten nat\u00fcrliche Wirkstoffe, die den Stoffwechsel aktivieren k\u00f6nnen. Gleichzeitig helfen sie dabei, das Hungergef\u00fchl zu kontrollieren. Das Produkt wird vor allem genutzt, um eine Di\u00e4t zu erleichtern. Figoxal kann dabei helfen, weniger zu essen und mehr Energie zu verbrennen. Es ist f\u00fcr Menschen gedacht, die &#8230; <a title=\"Figoxal\" class=\"read-more\" href=\"https:\/\/www.dr-scheunemann.de\/apotheke\/product\/figoxal\/\" aria-label=\"Mehr Informationen \u00fcber Figoxal\">Weiterlesen &#8230;<\/a><\/p>\n","protected":false},"featured_media":130,"comment_status":"open","ping_status":"closed","template":"","meta":[],"product_brand":[],"product_cat":[16],"product_tag":[],"class_list":{"0":"post-129","1":"product","2":"type-product","3":"status-publish","4":"has-post-thumbnail","6":"product_cat-diaet","8":"first","9":"instock","10":"sale","11":"shipping-taxable","12":"product-type-external"},"_links":{"self":[{"href":"https:\/\/www.dr-scheunemann.de\/apotheke\/wp-json\/wp\/v2\/product\/129","targetHints":{"allow":["GET"]}}],"collection":[{"href":"https:\/\/www.dr-scheunemann.de\/apotheke\/wp-json\/wp\/v2\/product"}],"about":[{"href":"https:\/\/www.dr-scheunemann.de\/apotheke\/wp-json\/wp\/v2\/types\/product"}],"replies":[{"embeddable":true,"href":"https:\/\/www.dr-scheunemann.de\/apotheke\/wp-json\/wp\/v2\/comments?post=129"}],"wp:featuredmedia":[{"embeddable":true,"href":"https:\/\/www.dr-scheunemann.de\/apotheke\/wp-json\/wp\/v2\/media\/130"}],"wp:attachment":[{"href":"https:\/\/www.dr-scheunemann.de\/apotheke\/wp-json\/wp\/v2\/media?parent=129"}],"wp:term":[{"taxonomy":"product_brand","embeddable":true,"href":"https:\/\/www.dr-scheunemann.de\/apotheke\/wp-json\/wp\/v2\/product_brand?post=129"},{"taxonomy":"product_cat","embeddable":true,"href":"https:\/\/www.dr-scheunemann.de\/apotheke\/wp-json\/wp\/v2\/product_cat?post=129"},{"taxonomy":"product_tag","embeddable":true,"href":"https:\/\/www.dr-scheunemann.de\/apotheke\/wp-json\/wp\/v2\/product_tag?post=129"}],"curies":[{"name":"wp","href":"https:\/\/api.w.org\/{rel}","templated":true}]}}