{"id":160,"date":"2026-04-29T08:18:46","date_gmt":"2026-04-29T08:18:46","guid":{"rendered":"https:\/\/www.dr-scheunemann.de\/apotheke\/?post_type=product&#038;p=160"},"modified":"2026-04-29T18:17:38","modified_gmt":"2026-04-29T18:17:38","slug":"fungexin-bewertungen-warnungen-erfahrungen-nebenwirkungen-wirkt-es","status":"publish","type":"product","link":"https:\/\/www.dr-scheunemann.de\/apotheke\/product\/fungexin-bewertungen-warnungen-erfahrungen-nebenwirkungen-wirkt-es\/","title":{"rendered":"Fungexin Bewertungen {Warnungen}: Erfahrungen, Nebenwirkungen \u2013 Wirkt es?"},"content":{"rendered":"<h2><strong>Fungexin Bewertungen<\/strong><\/h2>\n<section class=\"text-token-text-primary w-full focus:outline-none [--shadow-height:45px] has-data-writing-block:pointer-events-none has-data-writing-block:-mt-(--shadow-height) has-data-writing-block:pt-(--shadow-height) [&amp;:has([data-writing-block])&gt;*]:pointer-events-auto [content-visibility:auto] supports-[content-visibility:auto]:[contain-intrinsic-size:auto_100lvh] R6Vx5W_threadScrollVars scroll-mb-[calc(var(--scroll-root-safe-area-inset-bottom,0px)+var(--thread-response-height))] scroll-mt-[calc(var(--header-height)+min(200px,max(70px,20svh)))]\" dir=\"auto\" data-turn-id=\"request-WEB:a7814d11-6b4a-45e1-a5b7-111c505c3317-43\" data-testid=\"conversation-turn-34\" data-scroll-anchor=\"false\" data-turn=\"assistant\">\n<div class=\"text-base my-auto mx-auto pb-10 [--thread-content-margin:var(--thread-content-margin-xs,calc(var(--spacing)*4))] @w-sm\/main:[--thread-content-margin:var(--thread-content-margin-sm,calc(var(--spacing)*6))] @w-lg\/main:[--thread-content-margin:var(--thread-content-margin-lg,calc(var(--spacing)*16))] px-(--thread-content-margin)\">\n<div class=\"[--thread-content-max-width:40rem] @w-lg\/main:[--thread-content-max-width:48rem] mx-auto max-w-(--thread-content-max-width) flex-1 group\/turn-messages focus-visible:outline-hidden relative flex w-full min-w-0 flex-col agent-turn\">\n<div class=\"flex max-w-full flex-col gap-4 grow AIPRM__conversation__response sm:AIPRM__conversation__response AIPRM__relative\">\n<div class=\"min-h-8 text-message relative flex w-full flex-col items-end gap-2 text-start break-words whitespace-normal outline-none keyboard-focused:focus-ring [.text-message+&amp;]:mt-1\" dir=\"auto\" tabindex=\"0\" data-message-author-role=\"assistant\" data-message-id=\"f2b93703-36ed-4e73-9034-d2a0588b167f\" data-message-model-slug=\"gpt-5-3\" data-turn-start-message=\"true\">\n<div class=\"flex w-full flex-col gap-1 empty:hidden\">\n<div class=\"markdown prose dark:prose-invert w-full wrap-break-word light markdown-new-styling\">\n<p data-start=\"1926\" data-end=\"2172\">Viele Menschen sehen Ver\u00e4nderungen an F\u00fc\u00dfen und N\u00e4geln erst sp\u00e4t. Sie denken oft, es ist nur ein kleines Problem. Aber es kann das Gef\u00fchl und die Pflege der F\u00fc\u00dfe beeinflussen. F\u00fc\u00dfe werden jeden Tag viel benutzt. Deshalb ist gute Pflege wichtig.<\/p>\n<p data-start=\"2174\" data-end=\"2420\">Fungexin ist ein Gel gegen Pilzprobleme. Es wird nur auf die Haut und N\u00e4gel aufgetragen. Das Gel ist leicht, zieht schnell ein und klebt nicht. Man kann es einfach jeden Tag benutzen. Es hilft, die Haut zu pflegen und die F\u00fc\u00dfe frisch zu halten.<\/p>\n<p data-start=\"2422\" data-end=\"2639\"><strong data-start=\"2422\" data-end=\"2456\">Wann kann man Fungexin nutzen?<\/strong><br data-start=\"2456\" data-end=\"2459\" \/>Man nutzt Fungexin, wenn N\u00e4gel oder Haut nicht gut aussehen oder sich schlecht anf\u00fchlen. Zum Beispiel bei rauen N\u00e4geln oder trockener Haut. Das Gel hilft, die Haut zu verbessern.<\/p>\n<p data-start=\"2641\" data-end=\"2752\">Man kann es auch nutzen, um Probleme zu vermeiden. Besonders wenn man oft enge Schuhe tr\u00e4gt oder Sport macht.<\/p>\n<p data-start=\"2754\" data-end=\"2919\"><strong data-start=\"2754\" data-end=\"2783\">F\u00fcr wen ist Fungexin gut?<\/strong><br data-start=\"2783\" data-end=\"2786\" \/>Fungexin ist f\u00fcr Erwachsene, die ihre F\u00fc\u00dfe besser pflegen wollen. Es ist gut f\u00fcr Menschen mit trockener Haut oder schwachen N\u00e4geln.<\/p>\n<p data-start=\"2921\" data-end=\"2992\">Das Gel ist einfach zu benutzen und passt gut in die t\u00e4gliche Pflege.<\/p>\n<p data-start=\"2994\" data-end=\"3045\"><strong data-start=\"2994\" data-end=\"3024\">Inhaltsstoffe von Fungexin<\/strong><br data-start=\"3024\" data-end=\"3027\" \/>Das Gel enth\u00e4lt:<\/p>\n<ul data-start=\"3047\" data-end=\"3192\">\n<li data-section-id=\"1ln55ct\" data-start=\"3047\" data-end=\"3067\">Wasser als Basis<\/li>\n<li data-section-id=\"annpxz\" data-start=\"3068\" data-end=\"3116\">Pflanzliche Extrakte (Agastache, Astragalus)<\/li>\n<li data-section-id=\"1qoh1x5\" data-start=\"3117\" data-end=\"3140\">Menthol f\u00fcr Frische<\/li>\n<li data-section-id=\"1fgznyu\" data-start=\"3141\" data-end=\"3162\">Thymol f\u00fcr Pflege<\/li>\n<li data-section-id=\"10ugzl3\" data-start=\"3163\" data-end=\"3192\">Rizinus\u00f6l f\u00fcr weiche Haut<\/li>\n<\/ul>\n<p data-start=\"3194\" data-end=\"3267\" data-is-last-node=\"\" data-is-only-node=\"\">Diese Stoffe helfen, die Haut zu pflegen und die F\u00fc\u00dfe angenehm zu machen.<\/p>\n<section class=\"text-token-text-primary w-full focus:outline-none [--shadow-height:45px] has-data-writing-block:pointer-events-none has-data-writing-block:-mt-(--shadow-height) has-data-writing-block:pt-(--shadow-height) [&amp;:has([data-writing-block])&gt;*]:pointer-events-auto [content-visibility:auto] supports-[content-visibility:auto]:[contain-intrinsic-size:auto_100lvh] R6Vx5W_threadScrollVars scroll-mb-[calc(var(--scroll-root-safe-area-inset-bottom,0px)+var(--thread-response-height))] scroll-mt-[calc(var(--header-height)+min(200px,max(70px,20svh)))]\" dir=\"auto\" data-turn-id=\"request-WEB:a7814d11-6b4a-45e1-a5b7-111c505c3317-44\" data-testid=\"conversation-turn-36\" data-scroll-anchor=\"false\" data-turn=\"assistant\">\n<div class=\"text-base my-auto mx-auto pb-10 [--thread-content-margin:var(--thread-content-margin-xs,calc(var(--spacing)*4))] @w-sm\/main:[--thread-content-margin:var(--thread-content-margin-sm,calc(var(--spacing)*6))] @w-lg\/main:[--thread-content-margin:var(--thread-content-margin-lg,calc(var(--spacing)*16))] px-(--thread-content-margin)\">\n<div class=\"[--thread-content-max-width:40rem] @w-lg\/main:[--thread-content-max-width:48rem] mx-auto max-w-(--thread-content-max-width) flex-1 group\/turn-messages focus-visible:outline-hidden relative flex w-full min-w-0 flex-col agent-turn\">\n<div class=\"flex max-w-full flex-col gap-4 grow AIPRM__conversation__response sm:AIPRM__conversation__response AIPRM__relative\">\n<div class=\"min-h-8 text-message relative flex w-full flex-col items-end gap-2 text-start break-words whitespace-normal outline-none keyboard-focused:focus-ring [.text-message+&amp;]:mt-1\" dir=\"auto\" tabindex=\"0\" data-message-author-role=\"assistant\" data-message-id=\"416e71cc-300a-491d-b30d-5fd79da88a61\" data-message-model-slug=\"gpt-5-3\" data-turn-start-message=\"true\">\n<div class=\"flex w-full flex-col gap-1 empty:hidden\">\n<div class=\"markdown prose dark:prose-invert w-full wrap-break-word light markdown-new-styling\">\n<p data-start=\"1140\" data-end=\"1251\"><strong data-start=\"1140\" data-end=\"1163\">Wie wirkt Fungexin?<\/strong><br data-start=\"1163\" data-end=\"1166\" \/>Fungexin wirkt direkt auf Haut und N\u00e4gel. Das Gel ist leicht und zieht schnell ein.<\/p>\n<p data-start=\"1253\" data-end=\"1370\">Menthol und Thymol sorgen f\u00fcr ein frisches Gef\u00fchl. Pflanzliche Stoffe helfen, die Haut zu pflegen und zu beruhigen.<\/p>\n<p data-start=\"1372\" data-end=\"1469\">Rizinus\u00f6l macht die Haut weich und sch\u00fctzt sie. Das Gel hilft, Haut und N\u00e4gel gesund zu halten.<\/p>\n<hr data-start=\"1471\" data-end=\"1474\" \/>\n<p data-start=\"1476\" data-end=\"1552\"><strong data-start=\"1476\" data-end=\"1505\">Wie benutzt man Fungexin?<\/strong><br data-start=\"1505\" data-end=\"1508\" \/>Fungexin ist nur f\u00fcr die \u00e4u\u00dfere Anwendung.<\/p>\n<p data-start=\"1554\" data-end=\"1604\">Vorher Haut und N\u00e4gel gut reinigen und trocknen.<\/p>\n<p data-start=\"1606\" data-end=\"1669\">Dann eine kleine Menge Gel auftragen und leicht einmassieren.<\/p>\n<p data-start=\"1671\" data-end=\"1727\">Man nutzt das Gel zweimal am Tag \u2013 morgens und abends.<\/p>\n<p data-start=\"1729\" data-end=\"1804\" data-is-last-node=\"\" data-is-only-node=\"\">F\u00fcr gute Ergebnisse sollte man es regelm\u00e4\u00dfig \u00fcber mehrere Wochen verwenden.<\/p>\n<section class=\"text-token-text-primary w-full focus:outline-none [--shadow-height:45px] has-data-writing-block:pointer-events-none has-data-writing-block:-mt-(--shadow-height) has-data-writing-block:pt-(--shadow-height) [&amp;:has([data-writing-block])&gt;*]:pointer-events-auto [content-visibility:auto] supports-[content-visibility:auto]:[contain-intrinsic-size:auto_100lvh] R6Vx5W_threadScrollVars scroll-mb-[calc(var(--scroll-root-safe-area-inset-bottom,0px)+var(--thread-response-height))] scroll-mt-[calc(var(--header-height)+min(200px,max(70px,20svh)))]\" dir=\"auto\" data-turn-id=\"request-WEB:a7814d11-6b4a-45e1-a5b7-111c505c3317-45\" data-testid=\"conversation-turn-38\" data-scroll-anchor=\"false\" data-turn=\"assistant\">\n<div class=\"text-base my-auto mx-auto pb-10 [--thread-content-margin:var(--thread-content-margin-xs,calc(var(--spacing)*4))] @w-sm\/main:[--thread-content-margin:var(--thread-content-margin-sm,calc(var(--spacing)*6))] @w-lg\/main:[--thread-content-margin:var(--thread-content-margin-lg,calc(var(--spacing)*16))] px-(--thread-content-margin)\">\n<div class=\"[--thread-content-max-width:40rem] @w-lg\/main:[--thread-content-max-width:48rem] mx-auto max-w-(--thread-content-max-width) flex-1 group\/turn-messages focus-visible:outline-hidden relative flex w-full min-w-0 flex-col agent-turn\">\n<div class=\"flex max-w-full flex-col gap-4 grow AIPRM__conversation__response sm:AIPRM__conversation__response AIPRM__relative\">\n<div class=\"min-h-8 text-message relative flex w-full flex-col items-end gap-2 text-start break-words whitespace-normal outline-none keyboard-focused:focus-ring [.text-message+&amp;]:mt-1\" dir=\"auto\" tabindex=\"0\" data-message-author-role=\"assistant\" data-message-id=\"e20a7435-559b-47c6-a46f-14daa4474cb1\" data-message-model-slug=\"gpt-5-3\" data-turn-start-message=\"true\">\n<div class=\"flex w-full flex-col gap-1 empty:hidden\">\n<div class=\"markdown prose dark:prose-invert w-full wrap-break-word light markdown-new-styling\">\n<p data-start=\"1466\" data-end=\"1586\"><strong data-start=\"1466\" data-end=\"1496\">Gegenanzeigen und Vorsicht<\/strong><br data-start=\"1496\" data-end=\"1499\" \/>Nicht benutzen, wenn du allergisch bist.<br data-start=\"1539\" data-end=\"1542\" \/>Bei offenen Wunden zuerst den Arzt fragen.<\/p>\n<p data-start=\"1588\" data-end=\"1713\">Nicht in die Augen bringen. Wenn es passiert, mit Wasser aussp\u00fclen.<br data-start=\"1655\" data-end=\"1658\" \/>Nur f\u00fcr die \u00e4u\u00dfere Anwendung. Von Kindern fernhalten.<\/p>\n<hr data-start=\"1715\" data-end=\"1718\" \/>\n<p data-start=\"1720\" data-end=\"1798\"><strong data-start=\"1720\" data-end=\"1738\">Nebenwirkungen<\/strong><br data-start=\"1738\" data-end=\"1741\" \/>Meist gibt es keine Probleme. Selten kann es passieren:<\/p>\n<ul data-start=\"1800\" data-end=\"1862\">\n<li data-section-id=\"1kt6uwl\" data-start=\"1800\" data-end=\"1823\">Haut wird etwas rot<\/li>\n<li data-section-id=\"167ks1r\" data-start=\"1824\" data-end=\"1844\">leichtes Brennen<\/li>\n<li data-section-id=\"69jgq3\" data-start=\"1845\" data-end=\"1862\">warmes Gef\u00fchl<\/li>\n<\/ul>\n<p data-start=\"1864\" data-end=\"1962\">Diese Effekte gehen meist schnell weg. Wenn es l\u00e4nger bleibt, Anwendung stoppen und Arzt fragen.<\/p>\n<hr data-start=\"1964\" data-end=\"1967\" \/>\n<p data-start=\"1969\" data-end=\"1995\"><strong data-start=\"1969\" data-end=\"1993\">Wirkung von Fungexin<\/strong><\/p>\n<p data-start=\"1997\" data-end=\"2083\"><strong data-start=\"1997\" data-end=\"2018\">Schnelle Wirkung:<\/strong><br data-start=\"2018\" data-end=\"2021\" \/>Nach kurzer Zeit f\u00fchlt sich die Haut frischer und sauber an.<\/p>\n<p data-start=\"2085\" data-end=\"2252\" data-is-last-node=\"\" data-is-only-node=\"\"><strong data-start=\"2085\" data-end=\"2103\">Lange Wirkung:<\/strong><br data-start=\"2103\" data-end=\"2106\" \/>Bei regelm\u00e4\u00dfiger Nutzung werden Haut und N\u00e4gel besser gepflegt.<br data-start=\"2169\" data-end=\"2172\" \/>Die N\u00e4gel sehen mit der Zeit ges\u00fcnder aus und die Haut f\u00fchlt sich angenehmer an.<\/p>\n<section class=\"text-token-text-primary w-full focus:outline-none [--shadow-height:45px] has-data-writing-block:pointer-events-none has-data-writing-block:-mt-(--shadow-height) has-data-writing-block:pt-(--shadow-height) [&amp;:has([data-writing-block])&gt;*]:pointer-events-auto [content-visibility:auto] supports-[content-visibility:auto]:[contain-intrinsic-size:auto_100lvh] R6Vx5W_threadScrollVars scroll-mb-[calc(var(--scroll-root-safe-area-inset-bottom,0px)+var(--thread-response-height))] scroll-mt-[calc(var(--header-height)+min(200px,max(70px,20svh)))]\" dir=\"auto\" data-turn-id=\"request-WEB:a7814d11-6b4a-45e1-a5b7-111c505c3317-46\" data-testid=\"conversation-turn-40\" data-scroll-anchor=\"false\" data-turn=\"assistant\">\n<div class=\"text-base my-auto mx-auto pb-10 [--thread-content-margin:var(--thread-content-margin-xs,calc(var(--spacing)*4))] @w-sm\/main:[--thread-content-margin:var(--thread-content-margin-sm,calc(var(--spacing)*6))] @w-lg\/main:[--thread-content-margin:var(--thread-content-margin-lg,calc(var(--spacing)*16))] px-(--thread-content-margin)\">\n<div class=\"[--thread-content-max-width:40rem] @w-lg\/main:[--thread-content-max-width:48rem] mx-auto max-w-(--thread-content-max-width) flex-1 group\/turn-messages focus-visible:outline-hidden relative flex w-full min-w-0 flex-col agent-turn\">\n<div class=\"flex max-w-full flex-col gap-4 grow AIPRM__conversation__response sm:AIPRM__conversation__response AIPRM__relative\">\n<div class=\"min-h-8 text-message relative flex w-full flex-col items-end gap-2 text-start break-words whitespace-normal outline-none keyboard-focused:focus-ring [.text-message+&amp;]:mt-1\" dir=\"auto\" tabindex=\"0\" data-message-author-role=\"assistant\" data-message-id=\"fe5eab42-b76f-44bd-b520-4b0c9ef605c9\" data-message-model-slug=\"gpt-5-3\" data-turn-start-message=\"true\">\n<div class=\"flex w-full flex-col gap-1 empty:hidden\">\n<div class=\"markdown prose dark:prose-invert w-full wrap-break-word light markdown-new-styling\">\n<p data-start=\"1076\" data-end=\"1217\"><strong data-start=\"1076\" data-end=\"1104\">Erfahrungen mit Fungexin<\/strong><br data-start=\"1104\" data-end=\"1107\" \/>Viele Menschen sagen, dass das Gel einfach zu benutzen ist. Es zieht schnell ein und ist gut f\u00fcr den Alltag.<\/p>\n<p data-start=\"1219\" data-end=\"1327\">Das frische Gef\u00fchl nach der Anwendung wird oft gelobt. Man kann es leicht in die t\u00e4gliche Pflege einbauen.<\/p>\n<p data-start=\"1329\" data-end=\"1452\">Bei regelm\u00e4\u00dfiger Nutzung sehen die N\u00e4gel besser aus. Die Haut f\u00fchlt sich angenehmer an. Das Gel ist leicht und praktisch.<\/p>\n<hr data-start=\"1454\" data-end=\"1457\" \/>\n<p data-start=\"1459\" data-end=\"1552\"><strong data-start=\"1459\" data-end=\"1484\">Lagerung von Fungexin<\/strong><br data-start=\"1484\" data-end=\"1487\" \/>Fungexin sollte trocken und bei Raumtemperatur gelagert werden.<\/p>\n<p data-start=\"1554\" data-end=\"1599\">Vor Sonne sch\u00fctzen und immer gut schlie\u00dfen.<\/p>\n<p data-start=\"1601\" data-end=\"1658\" data-is-last-node=\"\" data-is-only-node=\"\">Nicht in feuchten Orten lagern, damit das Gel gut bleibt.<\/p>\n<\/div>\n<\/div>\n<\/div>\n<\/div>\n<\/div>\n<\/div>\n<\/section>\n<\/div>\n<\/div>\n<\/div>\n<\/div>\n<\/div>\n<\/div>\n<\/section>\n<\/div>\n<\/div>\n<\/div>\n<\/div>\n<\/div>\n<\/div>\n<\/section>\n<\/div>\n<\/div>\n<\/div>\n<\/div>\n<\/div>\n<\/div>\n<\/section>\n<p><a href=\"https:\/\/www.premierdiscountlink.com\/3Q3GGQ7\/HRHNN7H\/?sub1=dr-scheunemann\" target=\"_blank\" rel=\"noopener\"><\/p>\n<div style=\"position:fixed;bottom:0;left:0;width:100%;height: auto; background:#000585;border-top:1px solid #333;box-shadow:0 -4px 15px rgba(0,0,0,0.4);z-index:99999;font-family:Arial,sans-serif;\">\n<div style=\"max-width:1200px;margin:0 auto;padding:12px 16px;display:flex;align-items:center;justify-content:center;gap:14px;flex-wrap:wrap;text-align:center;\">\n<p>    <span style=\"background:#ffd700;color:#111;padding:4px 8px;border-radius:4px;font-size:12px;font-weight:700;\">ANGEBOT<\/span><\/p>\n<p>    <span style=\"font-size:18px;font-weight:700;color:#fff;\">Fungexin<\/span><\/p>\n<p>    <span style=\"font-size:14px;color:#bbb;text-decoration:line-through;\">79,95\u20ac<\/span><\/p>\n<p>    <span style=\"font-size:22px;font-weight:800;color:#ffd700;\">19,95\u20ac<\/span><\/p>\n<p>    <span   style=\"background:#ffd700;color:#111;text-decoration:none;padding:12px 20px;border-radius:6px;font-size:14px;font-weight:700;\">Jetzt bestellen<\/span><\/p><\/div>\n","protected":false},"excerpt":{"rendered":"<p>Fungexin Bewertungen Viele Menschen sehen Ver\u00e4nderungen an F\u00fc\u00dfen und N\u00e4geln erst sp\u00e4t. Sie denken oft, es ist nur ein kleines Problem. Aber es kann das Gef\u00fchl und die Pflege der F\u00fc\u00dfe beeinflussen. F\u00fc\u00dfe werden jeden Tag viel benutzt. Deshalb ist gute Pflege wichtig. Fungexin ist ein Gel gegen Pilzprobleme. Es wird nur auf die Haut &#8230; <a title=\"Fungexin Bewertungen {Warnungen}: Erfahrungen, Nebenwirkungen \u2013 Wirkt es?\" class=\"read-more\" href=\"https:\/\/www.dr-scheunemann.de\/apotheke\/product\/fungexin-bewertungen-warnungen-erfahrungen-nebenwirkungen-wirkt-es\/\" aria-label=\"Mehr Informationen \u00fcber Fungexin Bewertungen {Warnungen}: Erfahrungen, Nebenwirkungen \u2013 Wirkt es?\">Weiterlesen &#8230;<\/a><\/p>\n","protected":false},"featured_media":161,"comment_status":"open","ping_status":"closed","template":"","meta":[],"product_brand":[],"product_cat":[17],"product_tag":[],"class_list":{"0":"post-160","1":"product","2":"type-product","3":"status-publish","4":"has-post-thumbnail","6":"product_cat-gesundheit","8":"first","9":"instock","10":"sale","11":"shipping-taxable","12":"product-type-external"},"_links":{"self":[{"href":"https:\/\/www.dr-scheunemann.de\/apotheke\/wp-json\/wp\/v2\/product\/160","targetHints":{"allow":["GET"]}}],"collection":[{"href":"https:\/\/www.dr-scheunemann.de\/apotheke\/wp-json\/wp\/v2\/product"}],"about":[{"href":"https:\/\/www.dr-scheunemann.de\/apotheke\/wp-json\/wp\/v2\/types\/product"}],"replies":[{"embeddable":true,"href":"https:\/\/www.dr-scheunemann.de\/apotheke\/wp-json\/wp\/v2\/comments?post=160"}],"wp:featuredmedia":[{"embeddable":true,"href":"https:\/\/www.dr-scheunemann.de\/apotheke\/wp-json\/wp\/v2\/media\/161"}],"wp:attachment":[{"href":"https:\/\/www.dr-scheunemann.de\/apotheke\/wp-json\/wp\/v2\/media?parent=160"}],"wp:term":[{"taxonomy":"product_brand","embeddable":true,"href":"https:\/\/www.dr-scheunemann.de\/apotheke\/wp-json\/wp\/v2\/product_brand?post=160"},{"taxonomy":"product_cat","embeddable":true,"href":"https:\/\/www.dr-scheunemann.de\/apotheke\/wp-json\/wp\/v2\/product_cat?post=160"},{"taxonomy":"product_tag","embeddable":true,"href":"https:\/\/www.dr-scheunemann.de\/apotheke\/wp-json\/wp\/v2\/product_tag?post=160"}],"curies":[{"name":"wp","href":"https:\/\/api.w.org\/{rel}","templated":true}]}}